{"id":84,"date":"2020-10-01T08:27:51","date_gmt":"2020-10-01T08:27:51","guid":{"rendered":"https:\/\/demosites.io\/adventure-gb\/?page_id=84"},"modified":"2022-08-27T19:21:24","modified_gmt":"2022-08-27T19:21:24","slug":"6ace3-home","status":"publish","type":"page","link":"https:\/\/www.christelijkjeugdwerk.nl\/de\/","title":{"rendered":"Startseite"},"content":{"rendered":"<section id=\"wp-block-themeisle-blocks-advanced-columns-a241f2a5\" class=\"wp-block-themeisle-blocks-advanced-columns alignfull has-1-columns has-desktop-equal-layout has-tablet-equal-layout has-mobile-equal-layout has-vertical-center\"><div class=\"wp-block-themeisle-blocks-advanced-columns-overlay\"><\/div><div class=\"innerblocks-wrap\">\n<div id=\"wp-block-themeisle-blocks-advanced-column-397f5e2e\" class=\"wp-block-themeisle-blocks-advanced-column\">\n<div id=\"wp-block-themeisle-blocks-advanced-heading-8c8358d7\" class=\"wp-block-themeisle-blocks-advanced-heading wp-block-themeisle-blocks-advanced-heading-8c8358d7\"><\/div>\n\n\n\n<h1 id=\"wp-block-themeisle-blocks-advanced-heading-469a7a23\" class=\"wp-block-themeisle-blocks-advanced-heading wp-block-themeisle-blocks-advanced-heading-469a7a23\"> <strong>Willkommen auf der Website der Stiftung Christelijk jeugd- en Bijbelwerk<\/strong> <\/h1>\n\n\n\n<div style=\"height:20px\" aria-hidden=\"true\" class=\"wp-block-spacer\"><\/div>\n\n\n\n<div class=\"wp-block-buttons alignfull is-horizontal is-content-justification-center is-layout-flex wp-container-core-buttons-is-layout-499968f5 wp-block-buttons-is-layout-flex\"><\/div>\n<\/div>\n<\/div><\/section>\n\n\n\n<section id=\"wp-block-themeisle-blocks-advanced-columns-e4373a2b\" class=\"wp-block-themeisle-blocks-advanced-columns alignfull has-1-columns has-desktop-equal-layout has-tablet-equal-layout has-mobile-equal-layout has-vertical-flex-start\"><div class=\"wp-block-themeisle-blocks-advanced-columns-overlay\"><\/div><div class=\"innerblocks-wrap\">\n<div id=\"wp-block-themeisle-blocks-advanced-column-0b9db5af\" class=\"wp-block-themeisle-blocks-advanced-column\">\n<section id=\"wp-block-themeisle-blocks-advanced-columns-c35e1bf3\" class=\"wp-block-themeisle-blocks-advanced-columns alignfull has-3-columns has-desktop-equal-layout has-tablet-equal-layout has-mobile-collapsedRows-layout has-vertical-flex-start\"><div class=\"wp-block-themeisle-blocks-advanced-columns-overlay\"><\/div><div class=\"innerblocks-wrap\">\n<div id=\"wp-block-themeisle-blocks-advanced-column-7002fb8f\" class=\"wp-block-themeisle-blocks-advanced-column\">\n<figure class=\"wp-block-image size-full\"><img loading=\"lazy\" decoding=\"async\" width=\"445\" height=\"250\" src=\"https:\/\/www.christelijkjeugdwerk.nl\/wp-content\/uploads\/2021\/10\/2017-11-18-15-01-55_55-KLEIN-conferentie.jpg\" alt=\"\" class=\"wp-image-154\" srcset=\"https:\/\/www.christelijkjeugdwerk.nl\/wp-content\/uploads\/2021\/10\/2017-11-18-15-01-55_55-KLEIN-conferentie.jpg 445w, https:\/\/www.christelijkjeugdwerk.nl\/wp-content\/uploads\/2021\/10\/2017-11-18-15-01-55_55-KLEIN-conferentie-300x169.jpg 300w\" sizes=\"auto, (max-width: 445px) 100vw, 445px\" \/><\/figure>\n\n\n\n<h3 class=\"has-text-align-left wp-block-heading\">Seminare\/Konferenzen<\/h3>\n\n\n\n<p class=\"has-text-align-left\">Seminare und Konferenzen wo das Wort Gottes ge\u00f6ffnet wird.<\/p>\n\n\n\n<div class=\"wp-block-buttons is-layout-flex wp-block-buttons-is-layout-flex\">\n<div class=\"wp-block-button is-style-primary\"><a class=\"wp-block-button__link has-nv-site-bg-color has-text-color has-background\" href=\"https:\/\/www.christelijkjeugdwerk.nl\/de\/seminars-en-conferentie\/\" style=\"background-color:#092f02\">Weitere Informationen<\/a><\/div>\n<\/div>\n<\/div>\n\n\n\n<div id=\"wp-block-themeisle-blocks-advanced-column-3e5aec1f\" class=\"wp-block-themeisle-blocks-advanced-column\">\n<figure class=\"wp-block-image size-large is-resized\"><img loading=\"lazy\" decoding=\"async\" src=\"https:\/\/www.christelijkjeugdwerk.nl\/wp-content\/uploads\/2022\/06\/2021-08-16-11.14.43-meisjeskamp-0060_1920-1024x683.jpg\" alt=\"\" class=\"wp-image-245\" width=\"293\" height=\"194\" srcset=\"https:\/\/www.christelijkjeugdwerk.nl\/wp-content\/uploads\/2022\/06\/2021-08-16-11.14.43-meisjeskamp-0060_1920-1024x683.jpg 1024w, https:\/\/www.christelijkjeugdwerk.nl\/wp-content\/uploads\/2022\/06\/2021-08-16-11.14.43-meisjeskamp-0060_1920-300x200.jpg 300w, https:\/\/www.christelijkjeugdwerk.nl\/wp-content\/uploads\/2022\/06\/2021-08-16-11.14.43-meisjeskamp-0060_1920-768x512.jpg 768w, https:\/\/www.christelijkjeugdwerk.nl\/wp-content\/uploads\/2022\/06\/2021-08-16-11.14.43-meisjeskamp-0060_1920-1536x1024.jpg 1536w, https:\/\/www.christelijkjeugdwerk.nl\/wp-content\/uploads\/2022\/06\/2021-08-16-11.14.43-meisjeskamp-0060_1920-930x620.jpg 930w, https:\/\/www.christelijkjeugdwerk.nl\/wp-content\/uploads\/2022\/06\/2021-08-16-11.14.43-meisjeskamp-0060_1920.jpg 1600w\" sizes=\"auto, (max-width: 293px) 100vw, 293px\" \/><\/figure>\n\n\n\n<h3 class=\"has-text-align-left wp-block-heading\">KOM! Teenager-Lager<\/h3>\n\n\n\n<p class=\"has-text-align-left\">Christliche Jungen- und M\u00e4dchenfreizeiten f\u00fcr Teenager von 10 bis 18 Jahren<\/p>\n\n\n\n<div class=\"wp-block-buttons is-layout-flex wp-block-buttons-is-layout-flex\">\n<div class=\"wp-block-button is-style-primary\"><a class=\"wp-block-button__link has-nv-site-bg-color has-text-color has-background\" href=\"https:\/\/www.komtienerkampen.nl\" style=\"background-color:#092f02\">Weitere Informationen<\/a><\/div>\n<\/div>\n<\/div>\n\n\n\n<div id=\"wp-block-themeisle-blocks-advanced-column-be60fbba\" class=\"wp-block-themeisle-blocks-advanced-column\"><div class=\"wp-block-image\">\n<figure class=\"aligncenter size-full is-resized\"><img loading=\"lazy\" decoding=\"async\" src=\"https:\/\/www.christelijkjeugdwerk.nl\/wp-content\/uploads\/2021\/10\/Logo-Volg-Mij_vierkant_klein_transparant_background.png\" alt=\"\" class=\"wp-image-144\" width=\"193\" height=\"193\" srcset=\"https:\/\/www.christelijkjeugdwerk.nl\/wp-content\/uploads\/2021\/10\/Logo-Volg-Mij_vierkant_klein_transparant_background.png 250w, https:\/\/www.christelijkjeugdwerk.nl\/wp-content\/uploads\/2021\/10\/Logo-Volg-Mij_vierkant_klein_transparant_background-150x150.png 150w\" sizes=\"auto, (max-width: 193px) 100vw, 193px\" \/><\/figure>\n<\/div>\n\n\n<h3 class=\"has-text-align-left wp-block-heading\">Zeitschrift f\u00fcr junge Christen<\/h3>\n\n\n\n<p class=\"has-text-align-left\">\u201aVolg mij!\u2018 ist eine kostenlose Zeitschrift f\u00fcr junge Christen.  (Niederl\u00e4ndische Sprache, f\u00fcr ein vergleichbares Deutsches Zeitschrift siehe https:\/\/folgemirnach.de\/)<\/p>\n\n\n\n<div class=\"wp-block-buttons is-layout-flex wp-block-buttons-is-layout-flex\">\n<div class=\"wp-block-button is-style-primary\"><a class=\"wp-block-button__link has-nv-site-bg-color has-text-color has-background\" href=\"https:\/\/www.volgmij.nl\" style=\"background-color:#092f02\">Weitere Informationen<\/a><\/div>\n<\/div>\n<\/div>\n<\/div><\/section>\n\n\n\n<section id=\"wp-block-themeisle-blocks-advanced-columns-6fc7adce\" class=\"wp-block-themeisle-blocks-advanced-columns has-0-columns has-desktop-equal-layout has-tablet-equal-layout has-mobile-collapsedRows-layout has-vertical-flex-start\"><div class=\"wp-block-themeisle-blocks-advanced-columns-overlay\"><\/div><div class=\"innerblocks-wrap\"><\/div><\/section>\n<\/div>\n<\/div><\/section>","protected":false},"excerpt":{"rendered":"","protected":false},"author":1,"featured_media":0,"parent":0,"menu_order":0,"comment_status":"closed","ping_status":"closed","template":"page-templates\/template-pagebuilder-full-width.php","meta":{"neve_meta_sidebar":"full-width","neve_meta_container":"","neve_meta_enable_content_width":"on","neve_meta_content_width":100,"neve_meta_title_alignment":"","neve_meta_author_avatar":"","neve_post_elements_order":"","neve_meta_disable_header":"","neve_meta_disable_footer":"","neve_meta_disable_title":"","_themeisle_gutenberg_block_has_review":false,"footnotes":""},"class_list":["post-84","page","type-page","status-publish","hentry"],"_links":{"self":[{"href":"https:\/\/www.christelijkjeugdwerk.nl\/de\/wp-json\/wp\/v2\/pages\/84","targetHints":{"allow":["GET"]}}],"collection":[{"href":"https:\/\/www.christelijkjeugdwerk.nl\/de\/wp-json\/wp\/v2\/pages"}],"about":[{"href":"https:\/\/www.christelijkjeugdwerk.nl\/de\/wp-json\/wp\/v2\/types\/page"}],"author":[{"embeddable":true,"href":"https:\/\/www.christelijkjeugdwerk.nl\/de\/wp-json\/wp\/v2\/users\/1"}],"replies":[{"embeddable":true,"href":"https:\/\/www.christelijkjeugdwerk.nl\/de\/wp-json\/wp\/v2\/comments?post=84"}],"version-history":[{"count":30,"href":"https:\/\/www.christelijkjeugdwerk.nl\/de\/wp-json\/wp\/v2\/pages\/84\/revisions"}],"predecessor-version":[{"id":696,"href":"https:\/\/www.christelijkjeugdwerk.nl\/de\/wp-json\/wp\/v2\/pages\/84\/revisions\/696"}],"wp:attachment":[{"href":"https:\/\/www.christelijkjeugdwerk.nl\/de\/wp-json\/wp\/v2\/media?parent=84"}],"curies":[{"name":"wp","href":"https:\/\/api.w.org\/{rel}","templated":true}]}}